{"id":28850,"date":"2023-10-25T20:12:18","date_gmt":"2023-10-25T18:12:18","guid":{"rendered":"https:\/\/www.cosinuss.com\/?page_id=28850"},"modified":"2023-10-25T20:16:05","modified_gmt":"2023-10-25T18:16:05","slug":"etracker-datenschutzhinweis-und-widerspruchsmoeglichkeit","status":"publish","type":"page","link":"https:\/\/www.cosinuss.com\/de\/richtlinien\/etracker-datenschutzhinweis-und-widerspruchsmoeglichkeit\/","title":{"rendered":"etracker Datenschutzhinweis und Widerspruchsm\u00f6glichkeit"},"content":{"rendered":"<div class=\"fusion-fullwidth fullwidth-box fusion-builder-row-1 fusion-flex-container has-pattern-background has-mask-background nonhundred-percent-fullwidth non-hundred-percent-height-scrolling\" style=\"--awb-border-radius-top-left:0px;--awb-border-radius-top-right:0px;--awb-border-radius-bottom-right:0px;--awb-border-radius-bottom-left:0px;--awb-flex-wrap:wrap;\" ><div class=\"fusion-builder-row fusion-row fusion-flex-align-items-flex-start fusion-flex-content-wrap\" style=\"max-width:1144px;margin-left: calc(-4% \/ 2 );margin-right: calc(-4% \/ 2 );\"><div class=\"fusion-layout-column fusion_builder_column fusion-builder-column-0 fusion_builder_column_1_1 1_1 fusion-flex-column\" style=\"--awb-bg-size:cover;--awb-width-large:100%;--awb-margin-top-large:0px;--awb-spacing-right-large:1.92%;--awb-margin-bottom-large:20px;--awb-spacing-left-large:1.92%;--awb-width-medium:100%;--awb-order-medium:0;--awb-spacing-right-medium:1.92%;--awb-spacing-left-medium:1.92%;--awb-width-small:100%;--awb-order-small:0;--awb-spacing-right-small:1.92%;--awb-spacing-left-small:1.92%;\"><div class=\"fusion-column-wrapper fusion-column-has-shadow fusion-flex-justify-content-flex-start fusion-content-layout-column\"><div class=\"fusion-text fusion-text-1\"><p><b>etracker<\/b><\/p>\n<p>Der Anbieter dieser Website nutzt Dienste der etracker GmbH aus Hamburg, Deutschland (<a href=\"https:\/\/www.etracker.com\">www.etracker.com<\/a>) zur Analyse von Nutzungsdaten. Wir verwenden standardm\u00e4\u00dfig keine Cookies f\u00fcr die Web-Analyse. Soweit wir Analyse- und Optimierungs-Cookies einsetzen, holen wir Ihre explizite Einwilligung gesondert im Vorfeld ein. Ist das der Fall und Sie stimmen zu, werden Cookies eingesetzt, die eine statistische Reichweiten-Analyse dieser Website, eine Erfolgsmessung unserer Online-Marketing-Ma\u00dfnahmen sowie Testverfahren erm\u00f6glichen, um z.B. unterschiedliche Versionen unseres Online-Angebotes oder seiner Bestandteile zu testen und zu optimieren. Cookies sind kleine Textdateien, die vom Internet Browser auf dem Endger\u00e4t des Nutzers gespeichert werden. etracker Cookies enthalten keine Informationen, die eine Identifikation eines Nutzers erm\u00f6glichen.<\/p>\n<p>Die mit etracker erzeugten Daten werden im Auftrag des Anbieters dieser Website von etracker ausschlie\u00dflich in Deutschland verarbeitet und gespeichert und unterliegen damit den strengen deutschen und europ\u00e4ischen Datenschutzgesetzen und -standards. etracker wurde diesbez\u00fcglich unabh\u00e4ngig gepr\u00fcft, zertifiziert und mit dem Datenschutz-G\u00fctesiegel <a href=\"https:\/\/www.eprivacy.eu\/kunden\/vergebene-siegel\/firma\/etracker-gmbh\/\">ePrivacyseal<\/a> ausgezeichnet.<\/p>\n<p>Die Datenverarbeitung erfolgt auf Basis der gesetzlichen Bestimmungen des Art. 6 Abs. 1 lit. f (berechtigtes Interesse) der Datenschutzgrundverordnung (DSGVO). Unser Anliegen im Sinne der DSGVO (berechtigtes Interesse) ist die Optimierung unseres Online-Angebotes und unseres Webauftritts. Da uns die Privatsph\u00e4re unserer Besucher wichtig ist, werden die Daten, die m\u00f6glicherweise einen Bezug zu einer einzelnen Person zulassen, wie die IP-Adresse, Anmelde- oder Ger\u00e4tekennungen, fr\u00fchestm\u00f6glich anonymisiert oder pseudonymisiert. Eine andere Verwendung, Zusammenf\u00fchrung mit anderen Daten oder eine Weitergabe an Dritte erfolgt nicht.<\/p>\n<p>Sie k\u00f6nnen der vorbeschriebenen Datenverarbeitung jederzeit durch Klick auf den Schieberegler widersprechen. Der Widerspruch hat keine nachteiligen Folgen. Wird kein Schieberegler angezeigt, ist die Datenerfassung bereits durch andere Blockier-Ma\u00dfnahmen unterbunden.<\/p>\n<p><a href=\"#\" data-tld=\"www.cosinuss.com\" id=\"et-opt-out\"><\/a> <\/p>\n<p>Weitere Informationen zum Datenschutz bei etracker finden Sie <a href=\"https:\/\/www.etracker.com\/datenschutz\/\">hier<\/a>.<\/p>\n<\/div><\/div><\/div><\/div><\/div>\n<div class=\"shariff shariff-align-left shariff-widget-align-left\" style=\"display:none\"><div class=\"ShariffHeadline\">Share this post! \/ Teile diesen Beitrag!<\/div><ul class=\"shariff-buttons theme-grey orientation-horizontal buttonsize-small\"><li class=\"shariff-button facebook shariff-nocustomcolor\" style=\"background-color:#4273c8\"><a href=\"https:\/\/www.facebook.com\/sharer\/sharer.php?u=https%3A%2F%2Fwww.cosinuss.com%2Fde%2Frichtlinien%2Fetracker-datenschutzhinweis-und-widerspruchsmoeglichkeit%2F\" title=\"Bei Facebook teilen\" aria-label=\"Bei Facebook teilen\" role=\"button\" rel=\"nofollow\" class=\"shariff-link\" style=\"; background-color:#3b5998; color:#fff\" target=\"_blank\"><span class=\"shariff-icon\" style=\"\"><svg width=\"32px\" height=\"20px\" xmlns=\"http:\/\/www.w3.org\/2000\/svg\" viewBox=\"0 0 18 32\"><path fill=\"#3b5998\" d=\"M17.1 0.2v4.7h-2.8q-1.5 0-2.1 0.6t-0.5 1.9v3.4h5.2l-0.7 5.3h-4.5v13.6h-5.5v-13.6h-4.5v-5.3h4.5v-3.9q0-3.3 1.9-5.2t5-1.8q2.6 0 4.1 0.2z\"\/><\/svg><\/span><span class=\"shariff-text\">teilen<\/span>&nbsp;<\/a><\/li><li class=\"shariff-button linkedin shariff-nocustomcolor\" style=\"background-color:#1488bf\"><a href=\"https:\/\/www.linkedin.com\/sharing\/share-offsite\/?url=https%3A%2F%2Fwww.cosinuss.com%2Fde%2Frichtlinien%2Fetracker-datenschutzhinweis-und-widerspruchsmoeglichkeit%2F\" title=\"Bei LinkedIn teilen\" aria-label=\"Bei LinkedIn teilen\" role=\"button\" rel=\"noopener nofollow\" class=\"shariff-link\" style=\"; background-color:#0077b5; color:#fff\" target=\"_blank\"><span class=\"shariff-icon\" style=\"\"><svg width=\"32px\" height=\"20px\" xmlns=\"http:\/\/www.w3.org\/2000\/svg\" viewBox=\"0 0 27 32\"><path fill=\"#0077b5\" d=\"M6.2 11.2v17.7h-5.9v-17.7h5.9zM6.6 5.7q0 1.3-0.9 2.2t-2.4 0.9h0q-1.5 0-2.4-0.9t-0.9-2.2 0.9-2.2 2.4-0.9 2.4 0.9 0.9 2.2zM27.4 18.7v10.1h-5.9v-9.5q0-1.9-0.7-2.9t-2.3-1.1q-1.1 0-1.9 0.6t-1.2 1.5q-0.2 0.5-0.2 1.4v9.9h-5.9q0-7.1 0-11.6t0-5.3l0-0.9h5.9v2.6h0q0.4-0.6 0.7-1t1-0.9 1.6-0.8 2-0.3q3 0 4.9 2t1.9 6z\"\/><\/svg><\/span><span class=\"shariff-text\">teilen<\/span>&nbsp;<\/a><\/li><li class=\"shariff-button rss shariff-nocustomcolor\" style=\"background-color:#ff8c00\"><a href=\"https:\/\/www.cosinuss.com\/de\/feed\/rss\/\" title=\"RSS-feed\" aria-label=\"RSS-feed\" role=\"button\" class=\"shariff-link\" style=\"; background-color:#fe9312; color:#fff\" target=\"_blank\"><span class=\"shariff-icon\" style=\"\"><svg width=\"32px\" height=\"20px\" xmlns=\"http:\/\/www.w3.org\/2000\/svg\" viewBox=\"0 0 32 32\"><path fill=\"#fe9312\" d=\"M4.3 23.5c-2.3 0-4.3 1.9-4.3 4.3 0 2.3 1.9 4.2 4.3 4.2 2.4 0 4.3-1.9 4.3-4.2 0-2.3-1.9-4.3-4.3-4.3zM0 10.9v6.1c4 0 7.7 1.6 10.6 4.4 2.8 2.8 4.4 6.6 4.4 10.6h6.2c0-11.7-9.5-21.1-21.1-21.1zM0 0v6.1c14.2 0 25.8 11.6 25.8 25.9h6.2c0-17.6-14.4-32-32-32z\"\/><\/svg><\/span><span class=\"shariff-text\">RSS-feed<\/span>&nbsp;<\/a><\/li><li class=\"shariff-button telegram shariff-nocustomcolor\" style=\"background-color:#4084A6\"><a href=\"https:\/\/telegram.me\/share\/url?url=https%3A%2F%2Fwww.cosinuss.com%2Fde%2Frichtlinien%2Fetracker-datenschutzhinweis-und-widerspruchsmoeglichkeit%2F&text=etracker%20Datenschutzhinweis%20und%20Widerspruchsm%C3%B6glichkeit\" title=\"Bei Telegram teilen\" aria-label=\"Bei Telegram teilen\" role=\"button\" rel=\"noopener nofollow\" class=\"shariff-link\" style=\"; background-color:#0088cc; color:#fff\" target=\"_blank\"><span class=\"shariff-icon\" style=\"\"><svg width=\"32px\" height=\"20px\" xmlns=\"http:\/\/www.w3.org\/2000\/svg\" viewBox=\"0 0 32 32\"><path fill=\"#0088cc\" d=\"M30.8 6.5l-4.5 21.4c-.3 1.5-1.2 1.9-2.5 1.2L16.9 24l-3.3 3.2c-.4.4-.7.7-1.4.7l.5-7L25.5 9.2c.6-.5-.1-.8-.9-.3l-15.8 10L2 16.7c-1.5-.5-1.5-1.5.3-2.2L28.9 4.3c1.3-.5 2.3.3 1.9 2.2z\"\/><\/svg><\/span><span class=\"shariff-text\">teilen<\/span>&nbsp;<\/a><\/li><li class=\"shariff-button threema shariff-nocustomcolor shariff-mobile\" style=\"background-color:#4fbc24\"><a href=\"threema:\/\/compose?text=etracker%20Datenschutzhinweis%20und%20Widerspruchsm%C3%B6glichkeit%20https%3A%2F%2Fwww.cosinuss.com%2Fde%2Frichtlinien%2Fetracker-datenschutzhinweis-und-widerspruchsmoeglichkeit%2F\" title=\"Bei Threema teilen\" aria-label=\"Bei Threema teilen\" role=\"button\" rel=\"noopener nofollow\" class=\"shariff-link\" style=\"; background-color:#1f1f1f; color:#fff\" target=\"_blank\"><span class=\"shariff-icon\" style=\"\"><svg width=\"32px\" height=\"20px\" xmlns=\"http:\/\/www.w3.org\/2000\/svg\" viewBox=\"0 0 32 32\"><path fill=\"#1f1f1f\" d=\"M30.8 10.9c-0.3-1.4-0.9-2.6-1.8-3.8-2-2.6-5.5-4.5-9.4-5.2-1.3-0.2-1.9-0.3-3.5-0.3s-2.2 0-3.5 0.3c-4 0.7-7.4 2.6-9.4 5.2-0.9 1.2-1.5 2.4-1.8 3.8-0.1 0.5-0.2 1.2-0.2 1.6 0 0.4 0.1 1.1 0.2 1.6 0.4 1.9 1.3 3.4 2.9 5 0.8 0.8 0.8 0.8 0.7 1.3 0 0.6-0.5 1.6-1.7 3.6-0.3 0.5-0.5 0.9-0.5 0.9 0 0.1 0.1 0.1 0.5 0 0.8-0.2 2.3-0.6 5.6-1.6 1.1-0.3 1.3-0.4 2.3-0.4 0.8 0 1.1 0 2.3 0.2 1.5 0.2 3.5 0.2 4.9 0 5.1-0.6 9.3-2.9 11.4-6.3 0.5-0.9 0.9-1.8 1.1-2.8 0.1-0.5 0.2-1.1 0.2-1.6 0-0.7-0.1-1.1-0.2-1.6-0.3-1.4 0.1 0.5 0 0zM20.6 17.3c0 0.4-0.4 0.8-0.8 0.8h-7.7c-0.4 0-0.8-0.4-0.8-0.8v-4.6c0-0.4 0.4-0.8 0.8-0.8h0.2l0-1.6c0-0.9 0-1.8 0.1-2 0.1-0.6 0.6-1.2 1.1-1.7s1.1-0.7 1.9-0.8c1.8-0.3 3.7 0.7 4.2 2.2 0.1 0.3 0.1 0.7 0.1 2.1v0 1.7h0.1c0.4 0 0.8 0.4 0.8 0.8v4.6zM15.6 7.3c-0.5 0.1-0.8 0.3-1.2 0.6s-0.6 0.8-0.7 1.3c0 0.2 0 0.8 0 1.5l0 1.2h4.6v-1.3c0-1 0-1.4-0.1-1.6-0.3-1.1-1.5-1.9-2.6-1.7zM25.8 28.2c0 1.2-1 2.2-2.1 2.2s-2.1-1-2.1-2.1c0-1.2 1-2.1 2.2-2.1s2.2 1 2.2 2.2zM18.1 28.2c0 1.2-1 2.2-2.1 2.2s-2.1-1-2.1-2.1c0-1.2 1-2.1 2.2-2.1s2.2 1 2.2 2.2zM10.4 28.2c0 1.2-1 2.2-2.1 2.2s-2.1-1-2.1-2.1c0-1.2 1-2.1 2.2-2.1s2.2 1 2.2 2.2z\"\/><\/svg><\/span><span class=\"shariff-text\">teilen<\/span>&nbsp;<\/a><\/li><li class=\"shariff-button twitter shariff-nocustomcolor\" style=\"background-color:#595959\"><a href=\"https:\/\/twitter.com\/share?url=https%3A%2F%2Fwww.cosinuss.com%2Fde%2Frichtlinien%2Fetracker-datenschutzhinweis-und-widerspruchsmoeglichkeit%2F&text=etracker%20Datenschutzhinweis%20und%20Widerspruchsm%C3%B6glichkeit\" title=\"Bei X teilen\" aria-label=\"Bei X teilen\" role=\"button\" rel=\"noopener nofollow\" class=\"shariff-link\" style=\"; background-color:#000; color:#fff\" target=\"_blank\"><span class=\"shariff-icon\" style=\"\"><svg width=\"32px\" height=\"20px\" xmlns=\"http:\/\/www.w3.org\/2000\/svg\" viewBox=\"0 0 24 24\"><path fill=\"#000\" d=\"M14.258 10.152L23.176 0h-2.113l-7.747 8.813L7.133 0H0l9.352 13.328L0 23.973h2.113l8.176-9.309 6.531 9.309h7.133zm-2.895 3.293l-.949-1.328L2.875 1.56h3.246l6.086 8.523.945 1.328 7.91 11.078h-3.246zm0 0\"\/><\/svg><\/span><span class=\"shariff-text\">teilen<\/span>&nbsp;<\/a><\/li><li class=\"shariff-button vk shariff-nocustomcolor\" style=\"background-color:#4273c8\"><a href=\"https:\/\/vk.com\/share.php?url=https%3A%2F%2Fwww.cosinuss.com%2Fde%2Frichtlinien%2Fetracker-datenschutzhinweis-und-widerspruchsmoeglichkeit%2F\" title=\"Bei VK teilen\" aria-label=\"Bei VK teilen\" role=\"button\" rel=\"noopener nofollow\" class=\"shariff-link\" style=\"; background-color:#527498; color:#fff\" target=\"_blank\"><span class=\"shariff-icon\" style=\"\"><svg width=\"32px\" height=\"20px\" xmlns=\"http:\/\/www.w3.org\/2000\/svg\" viewBox=\"0 0 34 32\"><path fill=\"#527498\" d=\"M34.2 9.3q0.4 1.1-2.7 5.3-0.4 0.6-1.2 1.5-1.4 1.8-1.6 2.3-0.3 0.7 0.3 1.4 0.3 0.4 1.4 1.5h0l0.1 0.1q2.5 2.3 3.4 3.9 0.1 0.1 0.1 0.2t0.1 0.5 0 0.6-0.4 0.5-1.1 0.2l-4.6 0.1q-0.4 0.1-1-0.1t-0.9-0.4l-0.4-0.2q-0.5-0.4-1.2-1.1t-1.2-1.4-1.1-1-1-0.3q-0.1 0-0.1 0.1t-0.3 0.3-0.4 0.5-0.3 0.9-0.1 1.4q0 0.3-0.1 0.5t-0.1 0.3l-0.1 0.1q-0.3 0.3-0.9 0.4h-2.1q-1.3 0.1-2.6-0.3t-2.3-0.9-1.8-1.2-1.3-1l-0.4-0.4q-0.2-0.2-0.5-0.5t-1.3-1.6-1.9-2.7-2.2-3.8-2.3-4.9q-0.1-0.3-0.1-0.5t0.1-0.3l0.1-0.1q0.3-0.3 1-0.3l4.9 0q0.2 0 0.4 0.1t0.3 0.2l0.1 0.1q0.3 0.2 0.4 0.6 0.4 0.9 0.8 1.8t0.7 1.5l0.3 0.5q0.5 1.1 1 1.9t0.9 1.2 0.7 0.7 0.6 0.3 0.5-0.1q0 0 0.1-0.1t0.2-0.4 0.2-0.8 0.2-1.4 0-2.2q0-0.7-0.2-1.3t-0.2-0.8l-0.1-0.2q-0.4-0.6-1.5-0.8-0.2 0 0.1-0.4 0.3-0.3 0.7-0.5 0.9-0.5 4.3-0.4 1.5 0 2.4 0.2 0.4 0.1 0.6 0.2t0.4 0.4 0.2 0.6 0.1 0.8 0 1 0 1.3 0 1.5q0 0.2 0 0.8t0 0.9 0.1 0.7 0.2 0.7 0.4 0.4q0.1 0 0.3 0.1t0.5-0.2 0.7-0.6 0.9-1.2 1.2-1.9q1.1-1.9 1.9-4 0.1-0.2 0.2-0.3t0.2-0.2l0.1-0.1 0.1 0t0.2-0.1 0.4 0l5.1 0q0.7-0.1 1.1 0t0.6 0.3z\"\/><\/svg><\/span><span class=\"shariff-text\">teilen<\/span>&nbsp;<\/a><\/li><li class=\"shariff-button whatsapp shariff-nocustomcolor\" style=\"background-color:#5cbe4a\"><a href=\"https:\/\/api.whatsapp.com\/send?text=https%3A%2F%2Fwww.cosinuss.com%2Fde%2Frichtlinien%2Fetracker-datenschutzhinweis-und-widerspruchsmoeglichkeit%2F%20etracker%20Datenschutzhinweis%20und%20Widerspruchsm%C3%B6glichkeit\" title=\"Bei Whatsapp teilen\" aria-label=\"Bei Whatsapp teilen\" role=\"button\" rel=\"noopener nofollow\" class=\"shariff-link\" style=\"; background-color:#34af23; color:#fff\" target=\"_blank\"><span class=\"shariff-icon\" style=\"\"><svg width=\"32px\" height=\"20px\" xmlns=\"http:\/\/www.w3.org\/2000\/svg\" viewBox=\"0 0 32 32\"><path fill=\"#34af23\" d=\"M17.6 17.4q0.2 0 1.7 0.8t1.6 0.9q0 0.1 0 0.3 0 0.6-0.3 1.4-0.3 0.7-1.3 1.2t-1.8 0.5q-1 0-3.4-1.1-1.7-0.8-3-2.1t-2.6-3.3q-1.3-1.9-1.3-3.5v-0.1q0.1-1.6 1.3-2.8 0.4-0.4 0.9-0.4 0.1 0 0.3 0t0.3 0q0.3 0 0.5 0.1t0.3 0.5q0.1 0.4 0.6 1.6t0.4 1.3q0 0.4-0.6 1t-0.6 0.8q0 0.1 0.1 0.3 0.6 1.3 1.8 2.4 1 0.9 2.7 1.8 0.2 0.1 0.4 0.1 0.3 0 1-0.9t0.9-0.9zM14 26.9q2.3 0 4.3-0.9t3.6-2.4 2.4-3.6 0.9-4.3-0.9-4.3-2.4-3.6-3.6-2.4-4.3-0.9-4.3 0.9-3.6 2.4-2.4 3.6-0.9 4.3q0 3.6 2.1 6.6l-1.4 4.2 4.3-1.4q2.8 1.9 6.2 1.9zM14 2.2q2.7 0 5.2 1.1t4.3 2.9 2.9 4.3 1.1 5.2-1.1 5.2-2.9 4.3-4.3 2.9-5.2 1.1q-3.5 0-6.5-1.7l-7.4 2.4 2.4-7.2q-1.9-3.2-1.9-6.9 0-2.7 1.1-5.2t2.9-4.3 4.3-2.9 5.2-1.1z\"\/><\/svg><\/span><span class=\"shariff-text\">teilen<\/span>&nbsp;<\/a><\/li><li class=\"shariff-button xing shariff-nocustomcolor\" style=\"background-color:#29888a\"><a href=\"https:\/\/www.xing.com\/spi\/shares\/new?url=https%3A%2F%2Fwww.cosinuss.com%2Fde%2Frichtlinien%2Fetracker-datenschutzhinweis-und-widerspruchsmoeglichkeit%2F\" title=\"Bei XING teilen\" aria-label=\"Bei XING teilen\" role=\"button\" rel=\"noopener nofollow\" class=\"shariff-link\" style=\"; background-color:#126567; color:#fff\" target=\"_blank\"><span class=\"shariff-icon\" style=\"\"><svg width=\"32px\" height=\"20px\" xmlns=\"http:\/\/www.w3.org\/2000\/svg\" viewBox=\"0 0 25 32\"><path fill=\"#126567\" d=\"M10.7 11.9q-0.2 0.3-4.6 8.2-0.5 0.8-1.2 0.8h-4.3q-0.4 0-0.5-0.3t0-0.6l4.5-8q0 0 0 0l-2.9-5q-0.2-0.4 0-0.7 0.2-0.3 0.5-0.3h4.3q0.7 0 1.2 0.8zM25.1 0.4q0.2 0.3 0 0.7l-9.4 16.7 6 11q0.2 0.4 0 0.6-0.2 0.3-0.6 0.3h-4.3q-0.7 0-1.2-0.8l-6-11.1q0.3-0.6 9.5-16.8 0.4-0.8 1.2-0.8h4.3q0.4 0 0.5 0.3z\"\/><\/svg><\/span><span class=\"shariff-text\">teilen<\/span>&nbsp;<\/a><\/li><li class=\"shariff-button mailto shariff-nocustomcolor\" style=\"background-color:#a8a8a8\"><a href=\"mailto:?body=https%3A%2F%2Fwww.cosinuss.com%2Fde%2Frichtlinien%2Fetracker-datenschutzhinweis-und-widerspruchsmoeglichkeit%2F&subject=etracker%20Datenschutzhinweis%20und%20Widerspruchsm%C3%B6glichkeit\" title=\"Per E-Mail versenden\" aria-label=\"Per E-Mail versenden\" role=\"button\" rel=\"noopener nofollow\" class=\"shariff-link\" style=\"; background-color:#999; color:#fff\"><span class=\"shariff-icon\" style=\"\"><svg width=\"32px\" height=\"20px\" xmlns=\"http:\/\/www.w3.org\/2000\/svg\" viewBox=\"0 0 32 32\"><path fill=\"#999\" d=\"M32 12.7v14.2q0 1.2-0.8 2t-2 0.9h-26.3q-1.2 0-2-0.9t-0.8-2v-14.2q0.8 0.9 1.8 1.6 6.5 4.4 8.9 6.1 1 0.8 1.6 1.2t1.7 0.9 2 0.4h0.1q0.9 0 2-0.4t1.7-0.9 1.6-1.2q3-2.2 8.9-6.1 1-0.7 1.8-1.6zM32 7.4q0 1.4-0.9 2.7t-2.2 2.2q-6.7 4.7-8.4 5.8-0.2 0.1-0.7 0.5t-1 0.7-0.9 0.6-1.1 0.5-0.9 0.2h-0.1q-0.4 0-0.9-0.2t-1.1-0.5-0.9-0.6-1-0.7-0.7-0.5q-1.6-1.1-4.7-3.2t-3.6-2.6q-1.1-0.7-2.1-2t-1-2.5q0-1.4 0.7-2.3t2.1-0.9h26.3q1.2 0 2 0.8t0.9 2z\"\/><\/svg><\/span><span class=\"shariff-text\">E-Mail<\/span>&nbsp;<\/a><\/li><\/ul><\/div>","protected":false},"excerpt":{"rendered":"","protected":false},"author":18,"featured_media":0,"parent":11742,"menu_order":0,"comment_status":"closed","ping_status":"closed","template":"","meta":{"_FSMCFIC_featured_image_caption":"","_FSMCFIC_featured_image_nocaption":"","_FSMCFIC_featured_image_hide":"","footnotes":""},"class_list":["post-28850","page","type-page","status-publish","hentry"],"yoast_head":"<!-- This site is optimized with the Yoast SEO plugin v27.4 - https:\/\/yoast.com\/product\/yoast-seo-wordpress\/ -->\n<title>etracker Datenschutzhinweis und Widerspruchsm\u00f6glichkeit - cosinuss\u00b0<\/title>\n<meta name=\"robots\" content=\"index, follow, max-snippet:-1, max-image-preview:large, max-video-preview:-1\" \/>\n<link rel=\"canonical\" href=\"https:\/\/www.cosinuss.com\/de\/richtlinien\/etracker-datenschutzhinweis-und-widerspruchsmoeglichkeit\/\" \/>\n<meta property=\"og:locale\" content=\"de_DE\" \/>\n<meta property=\"og:type\" content=\"article\" \/>\n<meta property=\"og:title\" content=\"etracker Datenschutzhinweis und Widerspruchsm\u00f6glichkeit - cosinuss\u00b0\" \/>\n<meta property=\"og:url\" content=\"https:\/\/www.cosinuss.com\/de\/richtlinien\/etracker-datenschutzhinweis-und-widerspruchsmoeglichkeit\/\" \/>\n<meta property=\"og:site_name\" content=\"cosinuss\u00b0\" \/>\n<meta property=\"article:publisher\" content=\"https:\/\/www.facebook.com\/cosinuss.wearables\/\" \/>\n<meta property=\"article:modified_time\" content=\"2023-10-25T18:16:05+00:00\" \/>\n<meta name=\"twitter:card\" content=\"summary_large_image\" \/>\n<meta name=\"twitter:site\" content=\"@cosinuss_\" \/>\n<meta name=\"twitter:label1\" content=\"Gesch\u00e4tzte Lesezeit\" \/>\n\t<meta name=\"twitter:data1\" content=\"3\u00a0Minuten\" \/>\n<script type=\"application\/ld+json\" class=\"yoast-schema-graph\">{\"@context\":\"https:\\\/\\\/schema.org\",\"@graph\":[{\"@type\":\"WebPage\",\"@id\":\"https:\\\/\\\/www.cosinuss.com\\\/de\\\/richtlinien\\\/etracker-datenschutzhinweis-und-widerspruchsmoeglichkeit\\\/\",\"url\":\"https:\\\/\\\/www.cosinuss.com\\\/de\\\/richtlinien\\\/etracker-datenschutzhinweis-und-widerspruchsmoeglichkeit\\\/\",\"name\":\"etracker Datenschutzhinweis und Widerspruchsm\u00f6glichkeit - cosinuss\u00b0\",\"isPartOf\":{\"@id\":\"https:\\\/\\\/www.cosinuss.com\\\/en\\\/#website\"},\"datePublished\":\"2023-10-25T18:12:18+00:00\",\"dateModified\":\"2023-10-25T18:16:05+00:00\",\"breadcrumb\":{\"@id\":\"https:\\\/\\\/www.cosinuss.com\\\/de\\\/richtlinien\\\/etracker-datenschutzhinweis-und-widerspruchsmoeglichkeit\\\/#breadcrumb\"},\"inLanguage\":\"de\",\"potentialAction\":[{\"@type\":\"ReadAction\",\"target\":[\"https:\\\/\\\/www.cosinuss.com\\\/de\\\/richtlinien\\\/etracker-datenschutzhinweis-und-widerspruchsmoeglichkeit\\\/\"]}]},{\"@type\":\"BreadcrumbList\",\"@id\":\"https:\\\/\\\/www.cosinuss.com\\\/de\\\/richtlinien\\\/etracker-datenschutzhinweis-und-widerspruchsmoeglichkeit\\\/#breadcrumb\",\"itemListElement\":[{\"@type\":\"ListItem\",\"position\":1,\"name\":\"Home\",\"item\":\"https:\\\/\\\/www.cosinuss.com\\\/de\\\/\"},{\"@type\":\"ListItem\",\"position\":2,\"name\":\"Datenschutzerkl\u00e4rung\",\"item\":\"https:\\\/\\\/www.cosinuss.com\\\/de\\\/richtlinien\\\/\"},{\"@type\":\"ListItem\",\"position\":3,\"name\":\"etracker Datenschutzhinweis und Widerspruchsm\u00f6glichkeit\"}]},{\"@type\":\"WebSite\",\"@id\":\"https:\\\/\\\/www.cosinuss.com\\\/en\\\/#website\",\"url\":\"https:\\\/\\\/www.cosinuss.com\\\/en\\\/\",\"name\":\"Cosinuss\",\"description\":\"Mobile Health Solutions\",\"publisher\":{\"@id\":\"https:\\\/\\\/www.cosinuss.com\\\/en\\\/#organization\"},\"potentialAction\":[{\"@type\":\"SearchAction\",\"target\":{\"@type\":\"EntryPoint\",\"urlTemplate\":\"https:\\\/\\\/www.cosinuss.com\\\/en\\\/?s={search_term_string}\"},\"query-input\":{\"@type\":\"PropertyValueSpecification\",\"valueRequired\":true,\"valueName\":\"search_term_string\"}}],\"inLanguage\":\"de\"},{\"@type\":\"Organization\",\"@id\":\"https:\\\/\\\/www.cosinuss.com\\\/en\\\/#organization\",\"name\":\"Cosinuss GmbH\",\"url\":\"https:\\\/\\\/www.cosinuss.com\\\/en\\\/\",\"logo\":{\"@type\":\"ImageObject\",\"inLanguage\":\"de\",\"@id\":\"https:\\\/\\\/www.cosinuss.com\\\/en\\\/#\\\/schema\\\/logo\\\/image\\\/\",\"url\":\"https:\\\/\\\/www.cosinuss.com\\\/wp-content\\\/uploads\\\/2017\\\/12\\\/cosinuss_Logo_rgb_120x24.png\",\"contentUrl\":\"https:\\\/\\\/www.cosinuss.com\\\/wp-content\\\/uploads\\\/2017\\\/12\\\/cosinuss_Logo_rgb_120x24.png\",\"width\":120,\"height\":24,\"caption\":\"Cosinuss GmbH\"},\"image\":{\"@id\":\"https:\\\/\\\/www.cosinuss.com\\\/en\\\/#\\\/schema\\\/logo\\\/image\\\/\"},\"sameAs\":[\"https:\\\/\\\/www.facebook.com\\\/cosinuss.wearables\\\/\",\"https:\\\/\\\/x.com\\\/cosinuss_\",\"https:\\\/\\\/www.instagram.com\\\/cosinuss_earconnect\\\/\",\"https:\\\/\\\/www.linkedin.com\\\/company\\\/cosinuss-gmbh\\\/\",\"https:\\\/\\\/www.youtube.com\\\/channel\\\/UCNjr9fl2yZjcxQ3Wjbr96kg\"]}]}<\/script>\n<!-- \/ Yoast SEO plugin. -->","yoast_head_json":{"title":"etracker Datenschutzhinweis und Widerspruchsm\u00f6glichkeit - cosinuss\u00b0","robots":{"index":"index","follow":"follow","max-snippet":"max-snippet:-1","max-image-preview":"max-image-preview:large","max-video-preview":"max-video-preview:-1"},"canonical":"https:\/\/www.cosinuss.com\/de\/richtlinien\/etracker-datenschutzhinweis-und-widerspruchsmoeglichkeit\/","og_locale":"de_DE","og_type":"article","og_title":"etracker Datenschutzhinweis und Widerspruchsm\u00f6glichkeit - cosinuss\u00b0","og_url":"https:\/\/www.cosinuss.com\/de\/richtlinien\/etracker-datenschutzhinweis-und-widerspruchsmoeglichkeit\/","og_site_name":"cosinuss\u00b0","article_publisher":"https:\/\/www.facebook.com\/cosinuss.wearables\/","article_modified_time":"2023-10-25T18:16:05+00:00","twitter_card":"summary_large_image","twitter_site":"@cosinuss_","twitter_misc":{"Gesch\u00e4tzte Lesezeit":"3\u00a0Minuten"},"schema":{"@context":"https:\/\/schema.org","@graph":[{"@type":"WebPage","@id":"https:\/\/www.cosinuss.com\/de\/richtlinien\/etracker-datenschutzhinweis-und-widerspruchsmoeglichkeit\/","url":"https:\/\/www.cosinuss.com\/de\/richtlinien\/etracker-datenschutzhinweis-und-widerspruchsmoeglichkeit\/","name":"etracker Datenschutzhinweis und Widerspruchsm\u00f6glichkeit - cosinuss\u00b0","isPartOf":{"@id":"https:\/\/www.cosinuss.com\/en\/#website"},"datePublished":"2023-10-25T18:12:18+00:00","dateModified":"2023-10-25T18:16:05+00:00","breadcrumb":{"@id":"https:\/\/www.cosinuss.com\/de\/richtlinien\/etracker-datenschutzhinweis-und-widerspruchsmoeglichkeit\/#breadcrumb"},"inLanguage":"de","potentialAction":[{"@type":"ReadAction","target":["https:\/\/www.cosinuss.com\/de\/richtlinien\/etracker-datenschutzhinweis-und-widerspruchsmoeglichkeit\/"]}]},{"@type":"BreadcrumbList","@id":"https:\/\/www.cosinuss.com\/de\/richtlinien\/etracker-datenschutzhinweis-und-widerspruchsmoeglichkeit\/#breadcrumb","itemListElement":[{"@type":"ListItem","position":1,"name":"Home","item":"https:\/\/www.cosinuss.com\/de\/"},{"@type":"ListItem","position":2,"name":"Datenschutzerkl\u00e4rung","item":"https:\/\/www.cosinuss.com\/de\/richtlinien\/"},{"@type":"ListItem","position":3,"name":"etracker Datenschutzhinweis und Widerspruchsm\u00f6glichkeit"}]},{"@type":"WebSite","@id":"https:\/\/www.cosinuss.com\/en\/#website","url":"https:\/\/www.cosinuss.com\/en\/","name":"Cosinuss","description":"Mobile Health Solutions","publisher":{"@id":"https:\/\/www.cosinuss.com\/en\/#organization"},"potentialAction":[{"@type":"SearchAction","target":{"@type":"EntryPoint","urlTemplate":"https:\/\/www.cosinuss.com\/en\/?s={search_term_string}"},"query-input":{"@type":"PropertyValueSpecification","valueRequired":true,"valueName":"search_term_string"}}],"inLanguage":"de"},{"@type":"Organization","@id":"https:\/\/www.cosinuss.com\/en\/#organization","name":"Cosinuss GmbH","url":"https:\/\/www.cosinuss.com\/en\/","logo":{"@type":"ImageObject","inLanguage":"de","@id":"https:\/\/www.cosinuss.com\/en\/#\/schema\/logo\/image\/","url":"https:\/\/www.cosinuss.com\/wp-content\/uploads\/2017\/12\/cosinuss_Logo_rgb_120x24.png","contentUrl":"https:\/\/www.cosinuss.com\/wp-content\/uploads\/2017\/12\/cosinuss_Logo_rgb_120x24.png","width":120,"height":24,"caption":"Cosinuss GmbH"},"image":{"@id":"https:\/\/www.cosinuss.com\/en\/#\/schema\/logo\/image\/"},"sameAs":["https:\/\/www.facebook.com\/cosinuss.wearables\/","https:\/\/x.com\/cosinuss_","https:\/\/www.instagram.com\/cosinuss_earconnect\/","https:\/\/www.linkedin.com\/company\/cosinuss-gmbh\/","https:\/\/www.youtube.com\/channel\/UCNjr9fl2yZjcxQ3Wjbr96kg"]}]}},"_links":{"self":[{"href":"https:\/\/www.cosinuss.com\/de\/wp-json\/wp\/v2\/pages\/28850","targetHints":{"allow":["GET"]}}],"collection":[{"href":"https:\/\/www.cosinuss.com\/de\/wp-json\/wp\/v2\/pages"}],"about":[{"href":"https:\/\/www.cosinuss.com\/de\/wp-json\/wp\/v2\/types\/page"}],"author":[{"embeddable":true,"href":"https:\/\/www.cosinuss.com\/de\/wp-json\/wp\/v2\/users\/18"}],"replies":[{"embeddable":true,"href":"https:\/\/www.cosinuss.com\/de\/wp-json\/wp\/v2\/comments?post=28850"}],"version-history":[{"count":10,"href":"https:\/\/www.cosinuss.com\/de\/wp-json\/wp\/v2\/pages\/28850\/revisions"}],"predecessor-version":[{"id":28870,"href":"https:\/\/www.cosinuss.com\/de\/wp-json\/wp\/v2\/pages\/28850\/revisions\/28870"}],"up":[{"embeddable":true,"href":"https:\/\/www.cosinuss.com\/de\/wp-json\/wp\/v2\/pages\/11742"}],"wp:attachment":[{"href":"https:\/\/www.cosinuss.com\/de\/wp-json\/wp\/v2\/media?parent=28850"}],"curies":[{"name":"wp","href":"https:\/\/api.w.org\/{rel}","templated":true}]}}